{"id":7,"date":"2020-11-09T12:32:27","date_gmt":"2020-11-09T12:32:27","guid":{"rendered":"http:\/\/mediterraneanweddings.es\/?page_id=7"},"modified":"2025-02-07T16:38:34","modified_gmt":"2025-02-07T16:38:34","slug":"about","status":"publish","type":"page","link":"http:\/\/prodagency.es\/es_es\/about\/","title":{"rendered":"About"},"content":{"rendered":"\t\t<div data-elementor-type=\"wp-page\" data-elementor-id=\"7\" class=\"elementor elementor-7\">\n\t\t\t\t\t\t<section class=\"elementor-section elementor-top-section elementor-element elementor-element-39bdfe47 elementor-section-boxed elementor-section-height-default elementor-section-height-default\" data-id=\"39bdfe47\" data-element_type=\"section\" data-e-type=\"section\">\n\t\t\t\t\t\t<div class=\"elementor-container elementor-column-gap-default\">\n\t\t\t\t\t<div class=\"elementor-column elementor-col-100 elementor-top-column elementor-element elementor-element-1aa05452\" data-id=\"1aa05452\" data-element_type=\"column\" data-e-type=\"column\">\n\t\t\t<div class=\"elementor-widget-wrap\">\n\t\t\t\t\t\t\t<\/div>\n\t\t<\/div>\n\t\t\t\t\t<\/div>\n\t\t<\/section>\n\t\t\t\t<section class=\"elementor-section elementor-top-section elementor-element elementor-element-78ff6ad elementor-section-boxed elementor-section-height-default elementor-section-height-default\" data-id=\"78ff6ad\" data-element_type=\"section\" data-e-type=\"section\">\n\t\t\t\t\t\t<div class=\"elementor-container elementor-column-gap-default\">\n\t\t\t\t\t<div class=\"elementor-column elementor-col-100 elementor-top-column elementor-element elementor-element-71ad9d9\" data-id=\"71ad9d9\" data-element_type=\"column\" data-e-type=\"column\">\n\t\t\t<div class=\"elementor-widget-wrap elementor-element-populated\">\n\t\t\t\t\t\t<div class=\"elementor-element elementor-element-79eff72 elementor-widget elementor-widget-heading\" data-id=\"79eff72\" data-element_type=\"widget\" data-e-type=\"widget\" data-widget_type=\"heading.default\">\n\t\t\t\t<div class=\"elementor-widget-container\">\n\t\t\t\t\t<h2 class=\"elementor-heading-title elementor-size-default\">Sobre nosotros<\/h2>\t\t\t\t<\/div>\n\t\t\t\t<\/div>\n\t\t\t\t\t<\/div>\n\t\t<\/div>\n\t\t\t\t\t<\/div>\n\t\t<\/section>\n\t\t\t\t<section class=\"elementor-section elementor-top-section elementor-element elementor-element-5abbd0e elementor-section-boxed elementor-section-height-default elementor-section-height-default\" data-id=\"5abbd0e\" data-element_type=\"section\" data-e-type=\"section\" data-settings=\"{&quot;background_background&quot;:&quot;classic&quot;}\">\n\t\t\t\t\t\t\t<div class=\"elementor-background-overlay\"><\/div>\n\t\t\t\t\t\t\t<div class=\"elementor-container elementor-column-gap-default\">\n\t\t\t\t\t<div class=\"elementor-column elementor-col-100 elementor-top-column elementor-element elementor-element-99a7a48\" data-id=\"99a7a48\" data-element_type=\"column\" data-e-type=\"column\">\n\t\t\t<div class=\"elementor-widget-wrap elementor-element-populated\">\n\t\t\t\t\t\t<div class=\"elementor-element elementor-element-99f2205 elementor-widget elementor-widget-spacer\" data-id=\"99f2205\" data-element_type=\"widget\" data-e-type=\"widget\" data-widget_type=\"spacer.default\">\n\t\t\t\t<div class=\"elementor-widget-container\">\n\t\t\t\t\t\t\t<div class=\"elementor-spacer\">\n\t\t\t<div class=\"elementor-spacer-inner\"><\/div>\n\t\t<\/div>\n\t\t\t\t\t\t<\/div>\n\t\t\t\t<\/div>\n\t\t\t\t<div class=\"elementor-element elementor-element-ac67c2d elementor-widget elementor-widget-text-editor\" data-id=\"ac67c2d\" data-element_type=\"widget\" data-e-type=\"widget\" data-widget_type=\"text-editor.default\">\n\t\t\t\t<div class=\"elementor-widget-container\">\n\t\t\t\t\t\t\t\t\t<div class=\"elementor-element elementor-element-2b14746 elementor-widget elementor-widget-heading\" data-id=\"2b14746\" data-element_type=\"widget\" data-widget_type=\"heading.default\"><div class=\"elementor-widget-container\"><h3 class=\"elementor-heading-title elementor-size-default\">Cercanos, profesionales<br \/>y entusiastas<\/h3><\/div><\/div><div class=\"elementor-element elementor-element-25de6f5 elementor-widget elementor-widget-text-editor\" data-id=\"25de6f5\" data-element_type=\"widget\" data-widget_type=\"text-editor.default\"><div class=\"elementor-widget-container\"><p>Nuestra experiencia comienza en Espa\u00f1a, donde hemos dominado cada rinc\u00f3n y organizado reuniones corporativas, programas de incentivos, convenciones y eventos empresariales con un detalle inigualable. Cada destino que ofrecemos est\u00e1 respaldado por vivencias personales; no solo conocemos el territorio, sino que lo hemos recorrido y experimentado de primera mano.<\/p><p>A la par, nuestra pasi\u00f3n por el descubrimiento nos impulsa a trascender fronteras. Nos especializamos en dise\u00f1ar viajes corporativos y aventuras internacionales que integran la riqueza de diversas culturas. Con un esp\u00edritu viajero que compartimos con nuestros clientes, transformamos cada experiencia en una oportunidad \u00fanica para explorar y conectar.<\/p><\/div><\/div>\t\t\t\t\t\t\t\t<\/div>\n\t\t\t\t<\/div>\n\t\t\t\t<div class=\"elementor-element elementor-element-40aed24a elementor-widget elementor-widget-text-editor\" data-id=\"40aed24a\" data-element_type=\"widget\" data-e-type=\"widget\" data-widget_type=\"text-editor.default\">\n\t\t\t\t<div class=\"elementor-widget-container\">\n\t\t\t\t\t\t\t\t\t<div class=\"flex max-w-full flex-col flex-grow\"><div class=\"min-h-8 text-message flex w-full flex-col items-end gap-2 whitespace-normal break-words text-start [.text-message+&amp;]:mt-5\" dir=\"auto\" data-message-author-role=\"assistant\" data-message-id=\"4a0a599f-c978-401d-a625-698a6bdb6a78\" data-message-model-slug=\"o3-mini\"><div class=\"flex w-full flex-col gap-1 empty:hidden first:pt-[3px]\"><div class=\"markdown prose w-full break-words dark:prose-invert light\"><p>Con 8 a\u00f1os de experiencia en el sector, nuestra trayectoria se ha consolidado a trav\u00e9s de una constante b\u00fasqueda de la excelencia en la organizaci\u00f3n de eventos. Durante este tiempo, hemos perfeccionado el arte de dise\u00f1ar y ejecutar reuniones corporativas, programas de incentivos, convenciones y experiencias internacionales, respaldados por un conocimiento profundo y vivido de cada destino. Nuestra dedicaci\u00f3n y pasi\u00f3n nos han permitido enfrentar y superar desaf\u00edos, consolidando una reputaci\u00f3n de impecable profesionalismo y creatividad. Cada proyecto es una muestra de nuestro compromiso por transformar ideas en experiencias memorables, reflejando la solidez y el dinamismo de nuestro recorrido profesional.<\/p><\/div><\/div><\/div><\/div><div class=\"mb-2 flex gap-3 empty:hidden -ml-2\"><div class=\"items-center justify-start rounded-xl p-1 flex\"><div class=\"flex items-center\"><button class=\"rounded-lg text-token-text-secondary hover:bg-token-main-surface-secondary\" aria-label=\"Read aloud\" data-testid=\"voice-play-turn-action-button\"><\/button><button class=\"rounded-lg text-token-text-secondary hover:bg-token-main-surface-secondary\" aria-label=\"Copiar\" data-testid=\"copy-turn-action-button\"><\/button><div class=\"flex\">\u00a0<\/div><button class=\"rounded-lg text-token-text-secondary hover:bg-token-main-surface-secondary\" aria-label=\"Editar en el lienzo\"><\/button><div class=\"flex items-center pb-0\">\u00a0<\/div><\/div><\/div><\/div>\t\t\t\t\t\t\t\t<\/div>\n\t\t\t\t<\/div>\n\t\t\t\t<div class=\"elementor-element elementor-element-5b3c25f elementor-widget elementor-widget-spacer\" data-id=\"5b3c25f\" data-element_type=\"widget\" data-e-type=\"widget\" data-widget_type=\"spacer.default\">\n\t\t\t\t<div class=\"elementor-widget-container\">\n\t\t\t\t\t\t\t<div class=\"elementor-spacer\">\n\t\t\t<div class=\"elementor-spacer-inner\"><\/div>\n\t\t<\/div>\n\t\t\t\t\t\t<\/div>\n\t\t\t\t<\/div>\n\t\t\t\t\t<\/div>\n\t\t<\/div>\n\t\t\t\t\t<\/div>\n\t\t<\/section>\n\t\t\t\t<\/div>\n\t\t","protected":false},"excerpt":{"rendered":"<p>Sobre nosotros Cercanos, profesionalesy entusiastas Nuestra experiencia comienza en Espa\u00f1a, donde hemos dominado cada rinc\u00f3n y organizado reuniones corporativas, programas de incentivos, convenciones y eventos empresariales con un detalle inigualable. Cada destino que ofrecemos est\u00e1 respaldado por vivencias personales; no solo conocemos el territorio, sino que lo hemos recorrido y experimentado de primera mano. A&hellip;&nbsp;<a href=\"http:\/\/prodagency.es\/es_es\/about\/\" rel=\"bookmark\">Leer m\u00e1s &raquo;<span class=\"screen-reader-text\">About<\/span><\/a><\/p>\n","protected":false},"author":0,"featured_media":0,"parent":0,"menu_order":0,"comment_status":"closed","ping_status":"closed","template":"page-templates\/template-pagebuilder-full-width.php","meta":{"content-type":"","_monsterinsights_skip_tracking":false,"_monsterinsights_sitenote_active":false,"_monsterinsights_sitenote_note":"","_monsterinsights_sitenote_category":0,"neve_meta_sidebar":"full-width","neve_meta_container":"","neve_meta_enable_content_width":"on","neve_meta_content_width":100,"neve_meta_title_alignment":"","neve_meta_author_avatar":"","neve_post_elements_order":"","neve_meta_disable_header":"","neve_meta_disable_footer":"","neve_meta_disable_title":"","_themeisle_gutenberg_block_has_review":false,"footnotes":""},"class_list":["post-7","page","type-page","status-publish","hentry"],"aioseo_notices":[],"_links":{"self":[{"href":"http:\/\/prodagency.es\/es_es\/wp-json\/wp\/v2\/pages\/7","targetHints":{"allow":["GET"]}}],"collection":[{"href":"http:\/\/prodagency.es\/es_es\/wp-json\/wp\/v2\/pages"}],"about":[{"href":"http:\/\/prodagency.es\/es_es\/wp-json\/wp\/v2\/types\/page"}],"replies":[{"embeddable":true,"href":"http:\/\/prodagency.es\/es_es\/wp-json\/wp\/v2\/comments?post=7"}],"version-history":[{"count":39,"href":"http:\/\/prodagency.es\/es_es\/wp-json\/wp\/v2\/pages\/7\/revisions"}],"predecessor-version":[{"id":1052,"href":"http:\/\/prodagency.es\/es_es\/wp-json\/wp\/v2\/pages\/7\/revisions\/1052"}],"wp:attachment":[{"href":"http:\/\/prodagency.es\/es_es\/wp-json\/wp\/v2\/media?parent=7"}],"curies":[{"name":"wp","href":"https:\/\/api.w.org\/{rel}","templated":true}]}}