{"id":8,"date":"2020-11-09T12:32:47","date_gmt":"2020-11-09T12:32:47","guid":{"rendered":"http:\/\/mediterraneanweddings.es\/?page_id=8"},"modified":"2022-06-10T12:51:56","modified_gmt":"2022-06-10T12:51:56","slug":"services","status":"publish","type":"page","link":"http:\/\/prodagency.es\/en\/services\/","title":{"rendered":"Services"},"content":{"rendered":"\t\t<div data-elementor-type=\"wp-page\" data-elementor-id=\"8\" class=\"elementor elementor-8\">\n\t\t\t\t\t\t<section class=\"elementor-section elementor-top-section elementor-element elementor-element-7ba72f17 elementor-section-boxed elementor-section-height-default elementor-section-height-default\" data-id=\"7ba72f17\" data-element_type=\"section\" data-e-type=\"section\">\n\t\t\t\t\t\t<div class=\"elementor-container elementor-column-gap-default\">\n\t\t\t\t\t<div class=\"elementor-column elementor-col-100 elementor-top-column elementor-element elementor-element-2e618c0d\" data-id=\"2e618c0d\" data-element_type=\"column\" data-e-type=\"column\">\n\t\t\t<div class=\"elementor-widget-wrap elementor-element-populated\">\n\t\t\t\t\t\t\t<\/div>\n\t\t<\/div>\n\t\t\t\t\t<\/div>\n\t\t<\/section>\n\t\t\t\t<section class=\"elementor-section elementor-top-section elementor-element elementor-element-d10bd2b elementor-section-boxed elementor-section-height-default elementor-section-height-default\" data-id=\"d10bd2b\" data-element_type=\"section\" data-e-type=\"section\">\n\t\t\t\t\t\t<div class=\"elementor-container elementor-column-gap-default\">\n\t\t\t\t\t<div class=\"elementor-column elementor-col-100 elementor-top-column elementor-element elementor-element-47fb7dc\" data-id=\"47fb7dc\" data-element_type=\"column\" data-e-type=\"column\">\n\t\t\t<div class=\"elementor-widget-wrap elementor-element-populated\">\n\t\t\t\t\t\t<div class=\"elementor-element elementor-element-ad28ba7 elementor-widget elementor-widget-heading\" data-id=\"ad28ba7\" data-element_type=\"widget\" data-e-type=\"widget\" data-widget_type=\"heading.default\">\n\t\t\t\t<div class=\"elementor-widget-container\">\n\t\t\t\t\t<h4 class=\"elementor-heading-title elementor-size-default\">Nuestros servicios<\/h4>\t\t\t\t<\/div>\n\t\t\t\t<\/div>\n\t\t\t\t\t<\/div>\n\t\t<\/div>\n\t\t\t\t\t<\/div>\n\t\t<\/section>\n\t\t\t\t<section class=\"elementor-section elementor-top-section elementor-element elementor-element-96f2fbb elementor-section-boxed elementor-section-height-default elementor-section-height-default\" data-id=\"96f2fbb\" data-element_type=\"section\" data-e-type=\"section\">\n\t\t\t\t\t\t<div class=\"elementor-container elementor-column-gap-default\">\n\t\t\t\t\t<div class=\"elementor-column elementor-col-100 elementor-top-column elementor-element elementor-element-4c19b3a\" data-id=\"4c19b3a\" data-element_type=\"column\" data-e-type=\"column\">\n\t\t\t<div class=\"elementor-widget-wrap elementor-element-populated\">\n\t\t\t\t\t\t<div class=\"elementor-element elementor-element-e9b4426 elementor-toc--minimized-on-tablet elementor-widget elementor-widget-table-of-contents\" data-id=\"e9b4426\" data-element_type=\"widget\" data-e-type=\"widget\" data-settings=\"{&quot;headings_by_tags&quot;:[&quot;h2&quot;,&quot;h3&quot;,&quot;h4&quot;,&quot;h5&quot;],&quot;exclude_headings_by_selector&quot;:[],&quot;marker_view&quot;:&quot;bullets&quot;,&quot;icon&quot;:{&quot;value&quot;:&quot;fas fa-circle&quot;,&quot;library&quot;:&quot;fa-solid&quot;},&quot;minimize_box&quot;:&quot;yes&quot;,&quot;minimized_on&quot;:&quot;tablet&quot;,&quot;hierarchical_view&quot;:&quot;yes&quot;,&quot;min_height&quot;:{&quot;unit&quot;:&quot;px&quot;,&quot;size&quot;:&quot;&quot;,&quot;sizes&quot;:[]},&quot;min_height_tablet&quot;:{&quot;unit&quot;:&quot;px&quot;,&quot;size&quot;:&quot;&quot;,&quot;sizes&quot;:[]},&quot;min_height_mobile&quot;:{&quot;unit&quot;:&quot;px&quot;,&quot;size&quot;:&quot;&quot;,&quot;sizes&quot;:[]}}\" data-widget_type=\"table-of-contents.default\">\n\t\t\t\t<div class=\"elementor-widget-container\">\n\t\t\t\t\t\t\t<div class=\"elementor-toc__header\">\n\t\t\t<h4 class=\"elementor-toc__header-title\">\n\t\t\t\tTodos nuestros servicios\t\t\t<\/h4>\n\t\t\t\t\t\t\t<div class=\"elementor-toc__toggle-button elementor-toc__toggle-button--expand\"><i class=\"fas fa-chevron-down\"><\/i><\/div>\n\t\t\t\t<div class=\"elementor-toc__toggle-button elementor-toc__toggle-button--collapse\"><i class=\"fas fa-chevron-up\"><\/i><\/div>\n\t\t\t\t\t<\/div>\n\t\t<div class=\"elementor-toc__body\">\n\t\t\t<div class=\"elementor-toc__spinner-container\">\n\t\t\t\t<i class=\"elementor-toc__spinner eicon-animation-spin eicon-loading\" aria-hidden=\"true\"><\/i>\t\t\t<\/div>\n\t\t<\/div>\n\t\t\t\t\t\t<\/div>\n\t\t\t\t<\/div>\n\t\t\t\t\t<\/div>\n\t\t<\/div>\n\t\t\t\t\t<\/div>\n\t\t<\/section>\n\t\t\t\t<section class=\"elementor-section elementor-top-section elementor-element elementor-element-e9c3340 elementor-section-boxed elementor-section-height-default elementor-section-height-default\" data-id=\"e9c3340\" data-element_type=\"section\" data-e-type=\"section\">\n\t\t\t\t\t\t<div class=\"elementor-container elementor-column-gap-default\">\n\t\t\t\t\t<div class=\"elementor-column elementor-col-100 elementor-top-column elementor-element elementor-element-3a76189\" data-id=\"3a76189\" data-element_type=\"column\" data-e-type=\"column\">\n\t\t\t<div class=\"elementor-widget-wrap elementor-element-populated\">\n\t\t\t\t\t\t<div class=\"elementor-element elementor-element-2e9c95d elementor-position-left elementor-vertical-align-top elementor-widget elementor-widget-image-box\" data-id=\"2e9c95d\" data-element_type=\"widget\" data-e-type=\"widget\" data-widget_type=\"image-box.default\">\n\t\t\t\t<div class=\"elementor-widget-container\">\n\t\t\t\t\t<div class=\"elementor-image-box-wrapper\"><figure class=\"elementor-image-box-img\"><img fetchpriority=\"high\" decoding=\"async\" width=\"768\" height=\"1150\" src=\"data:image\/gif;base64,R0lGODlhAQABAIAAAAAAAP\/\/\/yH5BAEAAAAALAAAAAABAAEAAAIBRAA7\" data-src=\"https:\/\/prodagency.es\/wp-content\/uploads\/2022\/06\/PBT_1456-768x1150.jpg\" class=\"attachment-medium_large size-medium_large wp-image-742 lazyload\" alt=\"\" \/><noscript><img decoding=\"async\" width=\"768\" height=\"1150\" src=\"https:\/\/prodagency.es\/wp-content\/uploads\/2022\/06\/PBT_1456-768x1150.jpg\" class=\"attachment-medium_large size-medium_large wp-image-742 lazyload\" alt=\"\" srcset=\"https:\/\/prodagency.es\/wp-content\/uploads\/2022\/06\/PBT_1456-768x1150.jpg 768w, https:\/\/prodagency.es\/wp-content\/uploads\/2022\/06\/PBT_1456-200x300.jpg 200w, https:\/\/prodagency.es\/wp-content\/uploads\/2022\/06\/PBT_1456-684x1024.jpg 684w, https:\/\/prodagency.es\/wp-content\/uploads\/2022\/06\/PBT_1456-1025x1536.jpg 1025w, https:\/\/prodagency.es\/wp-content\/uploads\/2022\/06\/PBT_1456-1367x2048.jpg 1367w, https:\/\/prodagency.es\/wp-content\/uploads\/2022\/06\/PBT_1456-8x12.jpg 8w, https:\/\/prodagency.es\/wp-content\/uploads\/2022\/06\/PBT_1456-scaled.jpg 1709w\" sizes=\"(max-width: 768px) 100vw, 768px\" \/><\/noscript><\/figure><div class=\"elementor-image-box-content\"><h3 class=\"elementor-image-box-title\">CONSULTA - 100\u20ac<\/h3><p class=\"elementor-image-box-description\">Si s\u00f3lo tienes algunas dudas sobre c\u00f3mo manejar tu boda o quieres conocer a nuestros proveedores m\u00e1s recomendados este es tu servicio.<br><br>Una reuni\u00f3n de 2h con vosotros ya sea a trav\u00e9s de Skype o presencial en nuestra oficina , resolveremos dudas sobre la marcha y adem\u00e1s despu\u00e9s de la reuni\u00f3n os mandaremos un documento con toda la informaci\u00f3n para que no se quede nada en el tintero. Una buena forma de empezar con buen pie la organizaci\u00f3n de tu boda.<br>Adem\u00e1s si luego consideras que necesitas nuestro servicio Estrella de Dise\u00f1o y organizaci\u00f3n descontaremos el precio de la consulta del total.<\/p><\/div><\/div>\t\t\t\t<\/div>\n\t\t\t\t<\/div>\n\t\t\t\t\t<\/div>\n\t\t<\/div>\n\t\t\t\t\t<\/div>\n\t\t<\/section>\n\t\t\t\t<section class=\"elementor-section elementor-top-section elementor-element elementor-element-d348db7 elementor-section-boxed elementor-section-height-default elementor-section-height-default\" data-id=\"d348db7\" data-element_type=\"section\" data-e-type=\"section\">\n\t\t\t\t\t\t<div class=\"elementor-container elementor-column-gap-default\">\n\t\t\t\t\t<div class=\"elementor-column elementor-col-100 elementor-top-column elementor-element elementor-element-a28d1ad\" data-id=\"a28d1ad\" data-element_type=\"column\" data-e-type=\"column\">\n\t\t\t<div class=\"elementor-widget-wrap elementor-element-populated\">\n\t\t\t\t\t\t<div class=\"elementor-element elementor-element-28a4d4b elementor-position-right elementor-vertical-align-top elementor-widget elementor-widget-image-box\" data-id=\"28a4d4b\" data-element_type=\"widget\" data-e-type=\"widget\" data-widget_type=\"image-box.default\">\n\t\t\t\t<div class=\"elementor-widget-container\">\n\t\t\t\t\t<div class=\"elementor-image-box-wrapper\"><figure class=\"elementor-image-box-img\"><img decoding=\"async\" width=\"768\" height=\"1152\" src=\"data:image\/gif;base64,R0lGODlhAQABAIAAAAAAAP\/\/\/yH5BAEAAAAALAAAAAABAAEAAAIBRAA7\" data-src=\"https:\/\/prodagency.es\/wp-content\/uploads\/2022\/06\/DSC01543-768x1152.jpg\" class=\"attachment-medium_large size-medium_large wp-image-755 lazyload\" alt=\"\" \/><noscript><img loading=\"lazy\" decoding=\"async\" width=\"768\" height=\"1152\" src=\"https:\/\/prodagency.es\/wp-content\/uploads\/2022\/06\/DSC01543-768x1152.jpg\" class=\"attachment-medium_large size-medium_large wp-image-755 lazyload\" alt=\"\" srcset=\"https:\/\/prodagency.es\/wp-content\/uploads\/2022\/06\/DSC01543-768x1152.jpg 768w, https:\/\/prodagency.es\/wp-content\/uploads\/2022\/06\/DSC01543-200x300.jpg 200w, https:\/\/prodagency.es\/wp-content\/uploads\/2022\/06\/DSC01543-683x1024.jpg 683w, https:\/\/prodagency.es\/wp-content\/uploads\/2022\/06\/DSC01543-1024x1536.jpg 1024w, https:\/\/prodagency.es\/wp-content\/uploads\/2022\/06\/DSC01543-1365x2048.jpg 1365w, https:\/\/prodagency.es\/wp-content\/uploads\/2022\/06\/DSC01543-8x12.jpg 8w, https:\/\/prodagency.es\/wp-content\/uploads\/2022\/06\/DSC01543-scaled.jpg 1707w\" sizes=\"(max-width: 768px) 100vw, 768px\" \/><\/noscript><\/figure><div class=\"elementor-image-box-content\"><h3 class=\"elementor-image-box-title\">COORDINACI\u00d3N DIA B -Desde 350\u20ac<\/h3><p class=\"elementor-image-box-description\">Ten\u00e9is todos los proveedores contratados pero necesitas que alguien coordine a todos y haga que el engranaje de la boda sea perfecto.<br>No te preocupes \u00a1Estamos aqu\u00ed para ayudarte! Comenzaremos a trabajar 1 mes antes de la boda, nos encargaremos de llamar a todos los proveedores , recordar los servicios contratados y citar a cada uno dependiendo de la hora a la que tiene que llegar al evento. Este servicio es perfecto si quieres relajarte en tu boda, estaremos contigo durante toda la boda y si surge cualquier imprevisto estaremos all\u00ed para solucionarlo. <\/p><\/div><\/div>\t\t\t\t<\/div>\n\t\t\t\t<\/div>\n\t\t\t\t\t<\/div>\n\t\t<\/div>\n\t\t\t\t\t<\/div>\n\t\t<\/section>\n\t\t\t\t<section class=\"elementor-section elementor-top-section elementor-element elementor-element-f978243 elementor-section-boxed elementor-section-height-default elementor-section-height-default\" data-id=\"f978243\" data-element_type=\"section\" data-e-type=\"section\">\n\t\t\t\t\t\t<div class=\"elementor-container elementor-column-gap-default\">\n\t\t\t\t\t<div class=\"elementor-column elementor-col-100 elementor-top-column elementor-element elementor-element-e8a6c25\" data-id=\"e8a6c25\" data-element_type=\"column\" data-e-type=\"column\">\n\t\t\t<div class=\"elementor-widget-wrap elementor-element-populated\">\n\t\t\t\t\t\t<div class=\"elementor-element elementor-element-87be7b2 elementor-position-left elementor-vertical-align-top elementor-widget elementor-widget-image-box\" data-id=\"87be7b2\" data-element_type=\"widget\" data-e-type=\"widget\" data-widget_type=\"image-box.default\">\n\t\t\t\t<div class=\"elementor-widget-container\">\n\t\t\t\t\t<div class=\"elementor-image-box-wrapper\"><figure class=\"elementor-image-box-img\"><img loading=\"lazy\" decoding=\"async\" width=\"768\" height=\"1152\" src=\"data:image\/gif;base64,R0lGODlhAQABAIAAAAAAAP\/\/\/yH5BAEAAAAALAAAAAABAAEAAAIBRAA7\" data-src=\"https:\/\/prodagency.es\/wp-content\/uploads\/2022\/06\/DSC01710-768x1152.jpg\" class=\"attachment-medium_large size-medium_large wp-image-758 lazyload\" alt=\"\" \/><noscript><img loading=\"lazy\" decoding=\"async\" width=\"768\" height=\"1152\" src=\"https:\/\/prodagency.es\/wp-content\/uploads\/2022\/06\/DSC01710-768x1152.jpg\" class=\"attachment-medium_large size-medium_large wp-image-758 lazyload\" alt=\"\" srcset=\"https:\/\/prodagency.es\/wp-content\/uploads\/2022\/06\/DSC01710-768x1152.jpg 768w, https:\/\/prodagency.es\/wp-content\/uploads\/2022\/06\/DSC01710-200x300.jpg 200w, https:\/\/prodagency.es\/wp-content\/uploads\/2022\/06\/DSC01710-683x1024.jpg 683w, https:\/\/prodagency.es\/wp-content\/uploads\/2022\/06\/DSC01710-1024x1536.jpg 1024w, https:\/\/prodagency.es\/wp-content\/uploads\/2022\/06\/DSC01710-1365x2048.jpg 1365w, https:\/\/prodagency.es\/wp-content\/uploads\/2022\/06\/DSC01710-8x12.jpg 8w, https:\/\/prodagency.es\/wp-content\/uploads\/2022\/06\/DSC01710-scaled.jpg 1707w\" sizes=\"(max-width: 768px) 100vw, 768px\" \/><\/noscript><\/figure><div class=\"elementor-image-box-content\"><h3 class=\"elementor-image-box-title\">DECORACI\u00d3N -A consultar<\/h3><p class=\"elementor-image-box-description\"><p style=\"margin-bottom: 32px;font-family: Inter, sans-serif;white-space: normal\"><em><span style=\"font-weight: bolder\">Si algo van a recordar el d\u00eda de ma\u00f1ana los invitados que asistan a tu boda ser\u00e1 el mimo que pongas en los peque\u00f1os detalles y en la decoraci\u00f3n del espacio elegido. Y es que una boda bonita y bien organizada deja huella.<\/span><\/em><\/p><br><p style=\"margin-bottom: 32px;font-family: Inter, sans-serif;white-space: normal\"><span style=\"font-size: var(--bodyFontSize);font-weight: var(--bodyFontWeight);letter-spacing: var(--bodyLetterSpacing);text-transform: var(--bodyTextTransform);background-color: var(--nv-site-bg)\">Elegir un espacio atractivo no basta para ofrecer la boda m\u00e1s bella. Es preciso saber&nbsp;<\/span><span style=\"font-size: var(--bodyFontSize);letter-spacing: var(--bodyLetterSpacing);text-transform: var(--bodyTextTransform);background-color: var(--nv-site-bg);font-weight: bolder\">dotarlo de personalidad, adaptarlo al estilo de la celebraci\u00f3n y de la pareja, mimar los detalles<\/span><span style=\"font-size: var(--bodyFontSize);font-weight: var(--bodyFontWeight);letter-spacing: var(--bodyLetterSpacing);text-transform: var(--bodyTextTransform);background-color: var(--nv-site-bg)\">&nbsp;para transformarlo en un espacio \u00fanico y especial.\nUna boda sin decoraci\u00f3n es cosa del pasado. Ahora el efecto WOW es lo que dejar\u00e1 a todos los invitados perplejos y un hermoso recuerdo a los novios de una decoraci\u00f3n que les identifique y represente.<br>Puedes elegir la decoraci\u00f3n integral del evento o rincones , como por ejemplo; Rincones de bienvenida, Sitting plan, Candy bar, etc.<br> Cont\u00e1ctanos para enviaros nuestro Dossier de Decoraci\u00f3n<\/p><\/div><\/div>\t\t\t\t<\/div>\n\t\t\t\t<\/div>\n\t\t\t\t\t<\/div>\n\t\t<\/div>\n\t\t\t\t\t<\/div>\n\t\t<\/section>\n\t\t\t\t<section class=\"elementor-section elementor-top-section elementor-element elementor-element-0f923a1 elementor-section-boxed elementor-section-height-default elementor-section-height-default\" data-id=\"0f923a1\" data-element_type=\"section\" data-e-type=\"section\">\n\t\t\t\t\t\t<div class=\"elementor-container elementor-column-gap-default\">\n\t\t\t\t\t<div class=\"elementor-column elementor-col-100 elementor-top-column elementor-element elementor-element-9e955f4\" data-id=\"9e955f4\" data-element_type=\"column\" data-e-type=\"column\">\n\t\t\t<div class=\"elementor-widget-wrap elementor-element-populated\">\n\t\t\t\t\t\t<div class=\"elementor-element elementor-element-d4e1408 elementor-position-right elementor-vertical-align-top elementor-widget elementor-widget-image-box\" data-id=\"d4e1408\" data-element_type=\"widget\" data-e-type=\"widget\" data-widget_type=\"image-box.default\">\n\t\t\t\t<div class=\"elementor-widget-container\">\n\t\t\t\t\t<div class=\"elementor-image-box-wrapper\"><figure class=\"elementor-image-box-img\"><img loading=\"lazy\" decoding=\"async\" width=\"750\" height=\"1150\" src=\"data:image\/gif;base64,R0lGODlhAQABAIAAAAAAAP\/\/\/yH5BAEAAAAALAAAAAABAAEAAAIBRAA7\" data-src=\"https:\/\/prodagency.es\/wp-content\/uploads\/2022\/06\/96e59974_z.jpg\" class=\"attachment-full size-full wp-image-767 lazyload\" alt=\"\" \/><noscript><img loading=\"lazy\" decoding=\"async\" width=\"750\" height=\"1150\" src=\"https:\/\/prodagency.es\/wp-content\/uploads\/2022\/06\/96e59974_z.jpg\" class=\"attachment-full size-full wp-image-767 lazyload\" alt=\"\" srcset=\"https:\/\/prodagency.es\/wp-content\/uploads\/2022\/06\/96e59974_z.jpg 750w, https:\/\/prodagency.es\/wp-content\/uploads\/2022\/06\/96e59974_z-196x300.jpg 196w, https:\/\/prodagency.es\/wp-content\/uploads\/2022\/06\/96e59974_z-668x1024.jpg 668w, https:\/\/prodagency.es\/wp-content\/uploads\/2022\/06\/96e59974_z-8x12.jpg 8w\" sizes=\"(max-width: 750px) 100vw, 750px\" \/><\/noscript><\/figure><div class=\"elementor-image-box-content\"><h3 class=\"elementor-image-box-title\">BODAS DE DESTINO  MARRUECOS Y COSTA DEL SOL<\/h3><p class=\"elementor-image-box-description\">\u00bfBuscas un lugar donde haga buen tiempo la mayor\u00eda del a\u00f1o ?\u00bfQuieres dar el si quiero con las Dunas del Sahara de fondo? Nuestro servicio estrella , bodas de destino en la Costa del Sol y Marruecos.\nConocemos los mejores sitios para casarte en estos lugares y los mejores proveedores que te acompa\u00f1ar\u00e1n el Gran d\u00eda.\nUna boda de destino es una experiencia al completo, y si vuestros invitados no conocen el sitio elegido, una gran opci\u00f3n es organizar un tour por la ciudad, una visita a alg\u00fan museo o alg\u00fan sitio de referencia, esto puede organizarse para los d\u00edas previos a la boda, y tambi\u00e9n servir\u00e1 para ir rompiendo el hielo entre los invitados, si algunos no se conocen entre s\u00ed\u201d<\/p><\/div><\/div>\t\t\t\t<\/div>\n\t\t\t\t<\/div>\n\t\t\t\t<div class=\"elementor-element elementor-element-d04a56f elementor-align-right elementor-widget elementor-widget-button\" data-id=\"d04a56f\" data-element_type=\"widget\" data-e-type=\"widget\" data-widget_type=\"button.default\">\n\t\t\t\t<div class=\"elementor-widget-container\">\n\t\t\t\t\t\t\t\t\t<div class=\"elementor-button-wrapper\">\n\t\t\t\t\t<a class=\"elementor-button elementor-button-link elementor-size-sm\" href=\"#\">\n\t\t\t\t\t\t<span class=\"elementor-button-content-wrapper\">\n\t\t\t\t\t\t\t\t\t<span class=\"elementor-button-text\">M\u00e1s info<\/span>\n\t\t\t\t\t<\/span>\n\t\t\t\t\t<\/a>\n\t\t\t\t<\/div>\n\t\t\t\t\t\t\t\t<\/div>\n\t\t\t\t<\/div>\n\t\t\t\t\t<\/div>\n\t\t<\/div>\n\t\t\t\t\t<\/div>\n\t\t<\/section>\n\t\t\t\t<section class=\"elementor-section elementor-top-section elementor-element elementor-element-fa5507a elementor-section-boxed elementor-section-height-default elementor-section-height-default\" data-id=\"fa5507a\" data-element_type=\"section\" data-e-type=\"section\">\n\t\t\t\t\t\t<div class=\"elementor-container elementor-column-gap-default\">\n\t\t\t\t\t<div class=\"elementor-column elementor-col-100 elementor-top-column elementor-element elementor-element-77734cc\" data-id=\"77734cc\" data-element_type=\"column\" data-e-type=\"column\">\n\t\t\t<div class=\"elementor-widget-wrap elementor-element-populated\">\n\t\t\t\t\t\t<div class=\"elementor-element elementor-element-578e67b elementor-position-left elementor-vertical-align-top elementor-widget elementor-widget-image-box\" data-id=\"578e67b\" data-element_type=\"widget\" data-e-type=\"widget\" data-widget_type=\"image-box.default\">\n\t\t\t\t<div class=\"elementor-widget-container\">\n\t\t\t\t\t<div class=\"elementor-image-box-wrapper\"><figure class=\"elementor-image-box-img\"><img decoding=\"async\" class=\"lazyload\" src=\"data:image\/gif;base64,R0lGODlhAQABAIAAAAAAAP\/\/\/yH5BAEAAAAALAAAAAABAAEAAAIBRAA7\" data-src=\"https:\/\/prodagency.es\/wp-content\/uploads\/elementor\/thumbs\/DSC01766-scaled-pq3wn6lfga636zy41zi5mhsfs5kr01lcqee680vi1c.jpg\" title=\"DSC01766\" alt=\"DSC01766\" loading=\"lazy\" \/><noscript><img decoding=\"async\" class=\"lazyload\" src=\"https:\/\/prodagency.es\/wp-content\/uploads\/elementor\/thumbs\/DSC01766-scaled-pq3wn6lfga636zy41zi5mhsfs5kr01lcqee680vi1c.jpg\" title=\"DSC01766\" alt=\"DSC01766\" loading=\"lazy\" \/><\/noscript><\/figure><div class=\"elementor-image-box-content\"><h3 class=\"elementor-image-box-title\">SERVICIO ESTRELLA - DISE\u00d1O Y ORGANIZACI\u00d3N A consultar<\/h3><p class=\"elementor-image-box-description\">Con nuestro servicio estrella empezaremos a trabajar desde el minuto 0. <br>Crearemos el estilo, paleta de color, dise\u00f1o de la boda, moodboards.<br>Si lo dese\u00e1is podr\u00e9is tener vuestro dise\u00f1o 3D de las zonas m\u00e1s importantes de la boda para que las visualic\u00e9is antes del gran d\u00eda. <br>Recogiendo vuestras necesidades os haremos un listado de lugares de celebraci\u00f3n con precios y descripciones (este es una de los pasos m\u00e1s engorrosos de la boda), os recomendaremos a los mejores proveedores y no os arriesgar\u00e9is a probarlos sin estar seguros de su profesionalidad. Tambi\u00e9n incluye la coordinaci\u00f3n del d\u00eda de la boda y acompa\u00f1amiento durante todo el a\u00f1o de preparativos.<br>No s\u00f3lo disfrutar\u00e1s el d\u00eda de tu boda sino que disfrutar\u00e1s de todo el proceso porque os ayudaremos desde el minuto 0 hasta que os vay\u00e1is de viaje de novios. <br>El pack m\u00e1s completo para una boda de ensue\u00f1o<\/p><\/div><\/div>\t\t\t\t<\/div>\n\t\t\t\t<\/div>\n\t\t\t\t\t<\/div>\n\t\t<\/div>\n\t\t\t\t\t<\/div>\n\t\t<\/section>\n\t\t\t\t<section class=\"elementor-section elementor-top-section elementor-element elementor-element-743b766 elementor-section-boxed elementor-section-height-default elementor-section-height-default\" data-id=\"743b766\" data-element_type=\"section\" data-e-type=\"section\">\n\t\t\t\t\t\t<div class=\"elementor-container elementor-column-gap-default\">\n\t\t\t\t\t<div class=\"elementor-column elementor-col-100 elementor-top-column elementor-element elementor-element-3038f7d\" data-id=\"3038f7d\" data-element_type=\"column\" data-e-type=\"column\">\n\t\t\t<div class=\"elementor-widget-wrap elementor-element-populated\">\n\t\t\t\t\t\t<div class=\"elementor-element elementor-element-5847583 elementor-position-right elementor-vertical-align-top elementor-widget elementor-widget-image-box\" data-id=\"5847583\" data-element_type=\"widget\" data-e-type=\"widget\" data-widget_type=\"image-box.default\">\n\t\t\t\t<div class=\"elementor-widget-container\">\n\t\t\t\t\t<div class=\"elementor-image-box-wrapper\"><figure class=\"elementor-image-box-img\"><img decoding=\"async\" class=\"lazyload\" src=\"data:image\/gif;base64,R0lGODlhAQABAIAAAAAAAP\/\/\/yH5BAEAAAAALAAAAAABAAEAAAIBRAA7\" data-src=\"https:\/\/prodagency.es\/wp-content\/uploads\/elementor\/thumbs\/groom-holds-bride-s-hands-where-are-two-wedding-rings-scaled-pomaei9x2xesj44j44glspwc3qevnyd8xe02kcfdao.jpg\" title=\"Groom holds bride&#8217;s hands, where are two wedding rings\" alt=\"Groom holds bride&#039;s hands, where are two wedding rings\" loading=\"lazy\" \/><noscript><img decoding=\"async\" class=\"lazyload\" src=\"https:\/\/prodagency.es\/wp-content\/uploads\/elementor\/thumbs\/groom-holds-bride-s-hands-where-are-two-wedding-rings-scaled-pomaei9x2xesj44j44glspwc3qevnyd8xe02kcfdao.jpg\" title=\"Groom holds bride&#8217;s hands, where are two wedding rings\" alt=\"Groom holds bride&#039;s hands, where are two wedding rings\" loading=\"lazy\" \/><\/noscript><\/figure><div class=\"elementor-image-box-content\"><h3 class=\"elementor-image-box-title\">BODAS \u00cdNTIMAS- Precio a consultar<\/h3><p class=\"elementor-image-box-description\">Es un formato de boda en el cual las parejas realizan la celebraci\u00f3n de su matrimonio, manteniendo la misma esencia de una boda regular, pero de forma \u00edntima, es decir con las personas m\u00e1s cercanas a los novios, familiares y amigos que uno frecuenta constantemente.\n\nEste tipo de boda debe reflejar siempre la identidad de los novios, los gustos de cada uno, lo que significa la boda para ambos, lo que ellos quieren transmitir ese d\u00eda y as\u00ed puedan disfrutar al m\u00e1ximo junto a sus invitados. Tambi\u00e9n es recomendable organizar actividades para disfrutar de la experiencia de estar con tus m\u00e1s allegados al completo. \u00bfQuiz\u00e1 una ruta a caballo? \u00bfUna cata de vinos? <\/p><\/div><\/div>\t\t\t\t<\/div>\n\t\t\t\t<\/div>\n\t\t\t\t\t<\/div>\n\t\t<\/div>\n\t\t\t\t\t<\/div>\n\t\t<\/section>\n\t\t\t\t<\/div>\n\t\t","protected":false},"excerpt":{"rendered":"<p>Nuestros servicios Todos nuestros servicios CONSULTA &#8211; 100\u20ac Si s\u00f3lo tienes algunas dudas sobre c\u00f3mo manejar tu boda o quieres conocer a nuestros proveedores m\u00e1s recomendados este es tu servicio. Una reuni\u00f3n de 2h con vosotros ya sea a trav\u00e9s de Skype o presencial en nuestra oficina , resolveremos dudas sobre la marcha y adem\u00e1s&hellip;&nbsp;<a href=\"http:\/\/prodagency.es\/en\/services\/\" rel=\"bookmark\">Read More &raquo;<span class=\"screen-reader-text\">Services<\/span><\/a><\/p>","protected":false},"author":0,"featured_media":0,"parent":0,"menu_order":0,"comment_status":"closed","ping_status":"closed","template":"page-templates\/template-pagebuilder-full-width.php","meta":{"content-type":"","_monsterinsights_skip_tracking":false,"_monsterinsights_sitenote_active":false,"_monsterinsights_sitenote_note":"","_monsterinsights_sitenote_category":0,"neve_meta_sidebar":"full-width","neve_meta_container":"","neve_meta_enable_content_width":"on","neve_meta_content_width":100,"neve_meta_title_alignment":"","neve_meta_author_avatar":"","neve_post_elements_order":"","neve_meta_disable_header":"","neve_meta_disable_footer":"","neve_meta_disable_title":"","_themeisle_gutenberg_block_has_review":false,"footnotes":""},"class_list":["post-8","page","type-page","status-publish","hentry"],"aioseo_notices":[],"_links":{"self":[{"href":"http:\/\/prodagency.es\/en\/wp-json\/wp\/v2\/pages\/8","targetHints":{"allow":["GET"]}}],"collection":[{"href":"http:\/\/prodagency.es\/en\/wp-json\/wp\/v2\/pages"}],"about":[{"href":"http:\/\/prodagency.es\/en\/wp-json\/wp\/v2\/types\/page"}],"replies":[{"embeddable":true,"href":"http:\/\/prodagency.es\/en\/wp-json\/wp\/v2\/comments?post=8"}],"version-history":[{"count":10,"href":"http:\/\/prodagency.es\/en\/wp-json\/wp\/v2\/pages\/8\/revisions"}],"predecessor-version":[{"id":774,"href":"http:\/\/prodagency.es\/en\/wp-json\/wp\/v2\/pages\/8\/revisions\/774"}],"wp:attachment":[{"href":"http:\/\/prodagency.es\/en\/wp-json\/wp\/v2\/media?parent=8"}],"curies":[{"name":"wp","href":"https:\/\/api.w.org\/{rel}","templated":true}]}}